{"id":152,"date":"2019-05-19T16:24:25","date_gmt":"2019-05-19T14:24:25","guid":{"rendered":"http:\/\/blog.dwv-dusslingen.de\/?page_id=152"},"modified":"2019-05-19T16:53:06","modified_gmt":"2019-05-19T14:53:06","slug":"impressum","status":"publish","type":"page","link":"https:\/\/blog.dwv-dusslingen.de\/?page_id=152","title":{"rendered":"Impressum"},"content":{"rendered":"\n<p><strong>DWV &#8211; Du\u00dflinger W\u00e4hlervereinigung<\/strong><br><strong>Fraktion im Gemeinderat der Gemeinde Du\u00dflingen<\/strong><br><strong>Brunnenwiesen 16<\/strong><br><strong>72144 Du\u00dflingen<\/strong><\/p>\n\n\n\n<p><strong>verantwortlich f\u00fcr den Inhalt<\/strong><br>Harald M\u00fcller<br>Brunnenwiesen 16<br>72144 Du\u00dflingen<br>Telefon: 07072\/505934<br>E-Mail:&nbsp;<a href=\"mailto:h.mueller@dwv-dusslingen.de\">h.mueller@dwv-dusslingen.de<\/a><\/p>\n\n\n\n<p><strong>Vorstand:<\/strong><br>Harald M\u00fcller, Vorsitzender,<br>Brunnenwiesen 16, 72144 Du\u00dflingen<\/p>\n\n\n\n<p>Antje Wellh\u00e4user, stv. Vorsitzende,<br>Robert-W\u00f6rner-Stra\u00dfe 36, 72144 Du\u00dflingen<\/p>\n\n\n\n<p>Stefan Hagen, Kassier,<br>Martin-Vollmer-Weg 40,&nbsp;72144 Du\u00dflingen<\/p>\n\n\n\n<p><strong>Grundlegende Richtung<\/strong><br>Die Homepage beinhaltet politische News und Standpunkte, die sich mit&nbsp;der Kommunalpolitik der Gemeinde Du\u00dflingen befasst und sich vorwiegend an die B\u00fcrgerinnen und&nbsp;B\u00fcrger in Du\u00dflingen&nbsp;richtet.<\/p>\n\n\n\n<p><strong>Haftung<\/strong><br>Der Autor dieser Webseiten ist bestrebt, die hier angebotenen Informationen nach bestem Wissen und Gewissen vollst\u00e4ndig und richtig darzustellen und aktuell zu halten. Dennoch kann er keinerlei Haftung f\u00fcr Sch\u00e4den \u00fcbernehmen, die sich aus der Nutzung der angebotenen Informationen ergeben k\u00f6nnen \u2013 auch wenn diese auf die Nutzung von allenfalls unvollst\u00e4ndigen bzw. fehlerhaften Informationen zur\u00fcckzuf\u00fchren sind. Eine Haftung f\u00fcr die Inhalte von verlinkten Seiten ist ausgeschlossen, zumal der Autor keinen Einfluss auf Inhalte von gelinkten Seiten hat. F\u00fcr Inhalte von Seiten, auf welche von Seiten dieser Homepage verwiesen wird, haftet somit allein der Anbieter dieser fremden Webseiten \u2013 niemals jedoch derjenige, der durch einen Link auf fremde Publikationen und Inhalte verweist. Sollten gelinkte Seiten (insbesondere durch Ver\u00e4nderung der Inhalte nach dem Setzen des Links) illegale, fehlerhafte, unvollst\u00e4ndige, beleidigende oder sittenwidrige Informationen beinhalten und wird der Autor dieser Seite auf derartige Inhalte von gelinkten Seiten aufmerksam (gemacht), so wird er einen Link auf derartige Seiten unverz\u00fcglich unterbinden.<\/p>\n\n\n\n<p><strong>Urheberrecht<\/strong><br>Der Inhalt der vom Autor selbst erstellten Inhalte dieser Seiten ist urheberrechtlich gesch\u00fctzt. Die Informationen sind nur f\u00fcr die pers\u00f6nliche Verwendung bestimmt. Jede den Bestimmungen des Urheberrechtsgesetzes widersprechende Verwendung jeglicher Inhalte dieser Webseiten \u2013 insbesondere die weitergehende Nutzung wie beispielsweise die Ver\u00f6ffentlichung, Vervielf\u00e4ltigung und jede Form von gewerblicher Nutzung sowie die Weitergabe an Dritte \u2013 auch in Teilen oder in \u00fcberarbeiteter Form \u2013 ohne ausdr\u00fcckliche Zustimmung des Autors ist untersagt.<\/p>\n\n\n\n<p><strong>Informationsinhalt<\/strong><br>Die Informationen dieser Webseiten k\u00f6nnen ohne vorherige Ank\u00fcndigung ge\u00e4ndert, entfernt oder erg\u00e4nzt werden. Der Autor kann daher keine Garantie f\u00fcr die Korrektheit, Vollst\u00e4ndigkeit, Qualit\u00e4t oder Aktualit\u00e4t der bereitgestellten Informationen geben.<\/p>\n\n\n\n<p><strong>Rechtswirksamkeit<\/strong><br>Durch Nutzung dieser Webseiten unterliegt der Nutzer den gegenst\u00e4ndlichen Ben\u00fctzungsbedingungen. Diese sind Teil des WWW-Angebotes. Sofern Teile oder einzelne Formulierungen der Ben\u00fctzungsbedingungen der geltenden Rechtslage nicht, nicht mehr oder nicht vollst\u00e4ndig entsprechen sollten, bleiben die \u00fcbrigen Teile der Ben\u00fctzungsbedingungen in ihrem Inhalt und ihrer G\u00fcltigkeit davon unber\u00fchrt.<\/p>\n\n\n\n<p><strong>Datenschutz<\/strong><br>Soweit auf unseren Seiten personenbezogene Daten (beispielsweise Name, Anschrift oder E-Mail-Adressen) erhoben werden, erfolgt dies soweit m\u00f6glich stets auf freiwilliger Basis. Die Nutzung der Angebote und Dienste ist, soweit m\u00f6glich, stets ohne Angabe personenbezogener Daten m\u00f6glich.<\/p>\n\n\n\n<p>Der Nutzung von im Rahmen der Impressumspflicht ver\u00f6ffentlichten Kontaktdaten durch Dritte zur \u00dcbersendung von nicht ausdr\u00fccklich angeforderter Werbung und Informationsmaterialien wird hiermit ausdr\u00fccklich widersprochen. Die Betreiber der Seiten behalten sich ausdr\u00fccklich rechtliche Schritte im Falle der unverlangten Zusendung von Werbeinformationen, etwa durch Spam-Mails, vor.<\/p>\n\n\n\n<p><strong>Bildnachweis<\/strong><br>Luftbild: Manfred Grohe<br>Sanierungsgebiet &#8222;beim Alten Rathaus&#8220;: Ausschnitt Google Maps<br>Privatbilder <\/p>\n","protected":false},"excerpt":{"rendered":"<p>DWV &#8211; Du\u00dflinger W\u00e4hlervereinigungFraktion im Gemeinderat der Gemeinde Du\u00dflingenBrunnenwiesen 1672144 Du\u00dflingen verantwortlich f\u00fcr den InhaltHarald M\u00fcllerBrunnenwiesen 1672144 Du\u00dflingenTelefon: 07072\/505934E-Mail:&nbsp;h.mueller@dwv-dusslingen.de Vorstand:Harald M\u00fcller, Vorsitzender,Brunnenwiesen 16, 72144 Du\u00dflingen Antje Wellh\u00e4user, stv. Vorsitzende,Robert-W\u00f6rner-Stra\u00dfe 36, 72144 Du\u00dflingen Stefan Hagen, Kassier,Martin-Vollmer-Weg 40,&nbsp;72144 Du\u00dflingen Grundlegende RichtungDie Homepage beinhaltet politische News und Standpunkte, die sich mit&nbsp;der Kommunalpolitik der [&hellip;]<\/p>\n","protected":false},"author":1,"featured_media":0,"parent":0,"menu_order":0,"comment_status":"closed","ping_status":"closed","template":"","meta":{"footnotes":""},"class_list":["post-152","page","type-page","status-publish","hentry"],"_links":{"self":[{"href":"https:\/\/blog.dwv-dusslingen.de\/index.php?rest_route=\/wp\/v2\/pages\/152","targetHints":{"allow":["GET"]}}],"collection":[{"href":"https:\/\/blog.dwv-dusslingen.de\/index.php?rest_route=\/wp\/v2\/pages"}],"about":[{"href":"https:\/\/blog.dwv-dusslingen.de\/index.php?rest_route=\/wp\/v2\/types\/page"}],"author":[{"embeddable":true,"href":"https:\/\/blog.dwv-dusslingen.de\/index.php?rest_route=\/wp\/v2\/users\/1"}],"replies":[{"embeddable":true,"href":"https:\/\/blog.dwv-dusslingen.de\/index.php?rest_route=%2Fwp%2Fv2%2Fcomments&post=152"}],"version-history":[{"count":2,"href":"https:\/\/blog.dwv-dusslingen.de\/index.php?rest_route=\/wp\/v2\/pages\/152\/revisions"}],"predecessor-version":[{"id":199,"href":"https:\/\/blog.dwv-dusslingen.de\/index.php?rest_route=\/wp\/v2\/pages\/152\/revisions\/199"}],"wp:attachment":[{"href":"https:\/\/blog.dwv-dusslingen.de\/index.php?rest_route=%2Fwp%2Fv2%2Fmedia&parent=152"}],"curies":[{"name":"wp","href":"https:\/\/api.w.org\/{rel}","templated":true}]}}