{"id":2,"date":"2014-04-18T18:48:51","date_gmt":"2014-04-18T18:48:51","guid":{"rendered":"http:\/\/blog.dwv-dusslingen.de\/?page_id=2"},"modified":"2019-05-19T16:30:45","modified_gmt":"2019-05-19T14:30:45","slug":"sample-page","status":"publish","type":"page","link":"https:\/\/blog.dwv-dusslingen.de\/?page_id=2","title":{"rendered":"\u00fcber uns"},"content":{"rendered":"<p>Alles Wichtige \u00fcber die <strong>Gemeinderatsfraktion Du\u00dflinger W\u00e4hlvereineinigung<\/strong> finden Sie auf unserer Internetseite<br \/>\n<a title=\"Du\u00dflinger W\u00e4hlervereinigung DWV\" href=\"http:\/\/www.dwv-dusslingen.de\" target=\"_blank\" rel=\"noopener noreferrer\">www.dwv-dusslingen.de<\/a>.<\/p>\n","protected":false},"excerpt":{"rendered":"<p>Alles Wichtige \u00fcber die Gemeinderatsfraktion Du\u00dflinger W\u00e4hlvereineinigung finden Sie auf unserer Internetseite www.dwv-dusslingen.de.<\/p>\n","protected":false},"author":1,"featured_media":0,"parent":0,"menu_order":0,"comment_status":"closed","ping_status":"open","template":"","meta":{"footnotes":""},"class_list":["post-2","page","type-page","status-publish","hentry"],"_links":{"self":[{"href":"https:\/\/blog.dwv-dusslingen.de\/index.php?rest_route=\/wp\/v2\/pages\/2","targetHints":{"allow":["GET"]}}],"collection":[{"href":"https:\/\/blog.dwv-dusslingen.de\/index.php?rest_route=\/wp\/v2\/pages"}],"about":[{"href":"https:\/\/blog.dwv-dusslingen.de\/index.php?rest_route=\/wp\/v2\/types\/page"}],"author":[{"embeddable":true,"href":"https:\/\/blog.dwv-dusslingen.de\/index.php?rest_route=\/wp\/v2\/users\/1"}],"replies":[{"embeddable":true,"href":"https:\/\/blog.dwv-dusslingen.de\/index.php?rest_route=%2Fwp%2Fv2%2Fcomments&post=2"}],"version-history":[{"count":6,"href":"https:\/\/blog.dwv-dusslingen.de\/index.php?rest_route=\/wp\/v2\/pages\/2\/revisions"}],"predecessor-version":[{"id":207,"href":"https:\/\/blog.dwv-dusslingen.de\/index.php?rest_route=\/wp\/v2\/pages\/2\/revisions\/207"}],"wp:attachment":[{"href":"https:\/\/blog.dwv-dusslingen.de\/index.php?rest_route=%2Fwp%2Fv2%2Fmedia&parent=2"}],"curies":[{"name":"wp","href":"https:\/\/api.w.org\/{rel}","templated":true}]}}