{"id":223,"date":"2019-05-19T20:36:14","date_gmt":"2019-05-19T18:36:14","guid":{"rendered":"http:\/\/blog.dwv-dusslingen.de\/?page_id=223"},"modified":"2019-05-19T20:36:14","modified_gmt":"2019-05-19T18:36:14","slug":"datenschutz","status":"publish","type":"page","link":"https:\/\/blog.dwv-dusslingen.de\/?page_id=223","title":{"rendered":"Datenschutz"},"content":{"rendered":"\n<h2 class=\"wp-block-heading\">Datenschutzerkl\u00e4rung<\/h2>\n\n\n\n<p><strong>Datenschutz<\/strong><\/p>\n\n\n\n<p>Wir  nehmen den Schutz Ihrer pers\u00f6nlichen Daten sehr ernst und halten uns an  die Regeln der Datenschutzgesetze. Die nachfolgende Erkl\u00e4rung gibt Ihnen einen  \u00dcberblick dar\u00fcber, welche Art von Daten zu welchem Zweck erhoben werden  und in welchem Umfang diese Daten Dritten zug\u00e4nglich gemacht werden.<br> Wir  verarbeiten Ihre Daten daher ausschlie\u00dflich auf Grundlage der  gesetzlichen Bestimmungen (DSGVO, TKG 2003). In diesen Datenschutzinformationen informieren wir Sie \u00fcber die  wichtigsten Aspekte der Datenverarbeitung im Rahmen unserer Website.<br> \u00a0<\/p>\n\n\n\n<p>\n\n<strong>\n\nAllgemeine Erfassung bei Zugriffen<\/strong><\/p>\n\n\n\n<p>\n\n\nWir\n erfassen mit jedem Aufruf der Internetseite durch eine betroffene \nPerson oder ein automatisiertes\nSystem eine Reihe von allgemeinen Daten und Informationen. Diese \nallgemeinen Daten und Informationen werden in den Logfiles des Servers \ngespeichert. Erfasst werden\nk\u00f6nnen:<\/p>\n\n\n\n<ul class=\"wp-block-list\"><li>\n\n\n\neine Internet-Protokoll-Adresse (IP-Adresse),\n<\/li><li>\n\n\n\ndas Datum und die Uhrzeit des Zugriffs auf die Internetseite,\n<\/li><li>\n\n\n\ndie genaue Unterseite, die auf unserer Internetseite angesteuert wurde,\n<\/li><li>\n\n\n\ndie Internetseite, von welcher Sie auf unsere Internetseite gelangt sind (sogenannte\nReferer),\n<\/li><li>\n\n\n\nder verwendete Browser und dessen Version,\n<\/li><li>\n\n\n\nund das f\u00fcr den Zugriff verwendete Betriebssystem.&nbsp;<br>\n&nbsp;\n<\/li><\/ul>\n\n\n\n<p>\n\n\nDie genannten Daten werden durch uns zu folgenden Zwecken verarbeitet:<\/p>\n\n\n\n<ul class=\"wp-block-list\"><li>\n\n\n\num einen reibungslosen Verbindungsaufbau der Internetseite zu\ngew\u00e4hrleisten,\n<\/li><li>\n\n\n\num Inhalte unsere Internetseite f\u00fcr Sie zu optimieren,\n<\/li><li>\n\n\n\nund um die Systemsicherheit und Stabilit\u00e4t zu gew\u00e4hrleisten.\n<\/li><\/ul>\n\n\n\n<p>\n<br>\n\n\nDiese\n Punkte liegen in Ihrem und unserem berechtigten Interesse. Daneben \nverwenden wir diese Daten\ngegebenenfalls auch, um unseren rechtlichen Verpflichtungen in der \nZusammenarbeit mit Strafverfogungsbeh\u00f6rden nachzukommen. In keinem Fall \nverwenden wir die erhobenen Daten zu dem Zweck, R\u00fcckschl\u00fcsse\nauf Ihre Person zu ziehen. Die Speicherdauer dieser Logfiles betr\u00e4gt \nmax. 6 Monate.<br>\n&nbsp;<\/p>\n\n\n\n<h4 class=\"wp-block-heading\">\n<strong>\n\n\n\nKontaktformular, Informationen anfordern&nbsp;<\/strong><\/h4>\n\n\n\n<p>\n\n\n\nWenn\n Sie per Formular auf der Website oder per E-Mail Kontakt mit uns \naufnehmen, werden Ihre angegebenen\nDaten als vorvertragliche Ma\u00dfnahme zur Bearbeitung der Anfrage bei uns \nverarbeitet. Wir geben diese Daten nicht ohne Ihre Einwilligung weiter.<\/p>\n\n\n\n<h3 class=\"wp-block-heading\"><strong>Ihre Rechte<\/strong><\/h3>\n\n\n\n<p>\n\n\n\nIhnen\n stehen grunds\u00e4tzlich die Rechte auf Auskunft, Berichtigung, L\u00f6schung, \nEinschr\u00e4nkung,\nDaten\u00fcbertragbarkeit, Widerruf und Widerspruch zu. Wenn Sie glauben, \ndass die Verarbeitung Ihrer Daten gegen das Datenschutzrecht verst\u00f6\u00dft \noder Ihre datenschutzrechtlichen Anspr\u00fcche sonst in einer\nWeise verletzt worden sind, k\u00f6nnen Sie sich bei der Aufsichtsbeh\u00f6rde \nbeschweren. Eine Auflistung der zust\u00e4ndigen Aufsichtsbeh\u00f6rden nach \nBundesl\u00e4nder finden Sie unter&nbsp;<a href=\"https:\/\/www.datenschutz-wiki.de\/Aufsichtsbeh%C3%B6rden_und_Landesdatenschutzbeauftragte\" rel=\"noreferrer noopener\" target=\"_blank\">www.datenschutz-wiki.de<\/a>.<\/p>\n\n\n\n<p>Weitere Informationen zu Ihren Rechten finden Sie u.A. auf der\u00a0<a rel=\"noreferrer noopener\" href=\"https:\/\/www.wko.at\/service\/wirtschaftsrecht-gewerberecht\/EU-Datenschutz-Grundverordnung:-Betroffenenrechte.html\" target=\"_blank\">Webseite der Wirtschaftskammer \u00d6sterreichs.<\/a><br><br>S\u00e4mtliche Anfragen, Erkl\u00e4rungen und R\u00fcckfragen zur Datennutzung richten Sie bitte an\u00a0<a href=\"mailto:datenschutz@mueller-steuerberatung.de\">datenschutz@dwv-dusslingen.de<\/a>.<\/p>\n\n\n\n<p><strong>Google Analytics:<br> Datenschutz und Widerspruchsm\u00f6glichkeit<\/strong><br> Diese Website benutzt Google Analytics, einen Webanalysedienst der  Google Inc. (\u201eGoogle\u201c). Google Analytics verwendet sog. \u201eCookies\u201c,  Textdateien, die auf Ihrem Computer gespeichert werden und die eine Analyse der Benutzung der Website durch Sie erm\u00f6glichen. Die durch  den Cookie erzeugten Informationen \u00fcber Ihre Benutzung dieser Website  werden in der Regel an einen Server von Google in den USA \u00fcbertragen und dort gespeichert. Im Falle der Aktivierung der  IP-Anonymisierung auf dieser Webseite wird Ihre IP-Adresse von Google  jedoch innerhalb von Mitgliedstaaten der Europ\u00e4ischen Union oder in anderen Vertragsstaaten des Abkommens \u00fcber den Europ\u00e4ischen  Wirtschaftsraum zuvor gek\u00fcrzt.<br> Nur in Ausnahmef\u00e4llen wird die volle IP-Adresse an einen Server von  Google in den USA \u00fcbertragen und dort gek\u00fcrzt. Im Auftrag des Betreibers  dieser Website wird Google diese Informationen benutzen, um Ihre Nutzung der Website auszuwerten, um Reports \u00fcber die  Websiteaktivit\u00e4ten zusammenzustellen und um weitere mit der  Websitenutzung und der Internetnutzung verbundene Dienstleistungen  gegen\u00fcber dem Websitebetreiber zu erbringen. Die im Rahmen von Google Analytics  von Ihrem Browser \u00fcbermittelte IP-Adresse wird nicht mit anderen Daten  von Google zusammengef\u00fchrt.<br> Sie k\u00f6nnen die Speicherung der Cookies durch eine entsprechende  Einstellung Ihrer Browser-Software verhindern; wir weisen Sie jedoch  darauf hin, dass Sie in diesem Fall gegebenenfalls nicht s\u00e4mtliche Funktionen dieser Website vollumf\u00e4nglich werden nutzen k\u00f6nnen. Sie  k\u00f6nnen dar\u00fcber hinaus die Erfassung der durch das Cookie erzeugten und  auf Ihre Nutzung der Website bezogenen Daten (inkl. Ihrer IP-Adresse) an Google sowie die Verarbeitung dieser Daten durch Google  verhindern, indem sie das unter\u00a0<a rel=\"noreferrer noopener\" href=\"http:\/\/tools.google.com\/dlpage\/gaoptout?hl=de\" target=\"_blank\">diesem Link verf\u00fcgbare Browser-Plugin herunterladen und installieren<\/a>.\u00a0<br> Sie k\u00f6nnen die Erfassung durch Google Analytics verhindern, indem Sie  auf folgende Verkn\u00fcpfung klicken. Es wird ein Opt-Out-Cookie gesetzt,  das die zuk\u00fcnftige Erfassung Ihrer Daten beim Besuch dieser Website verhindert, solange das Cookie nicht gel\u00f6scht wird:\u00a0Google  Analytics deaktivieren.<\/p>\n\n\n\n<p>\n\n\nAllgemeine Informationen zu Google Analytics und Datenschutz finden Sie im&nbsp;<a href=\"https:\/\/www.google.com\/intl\/de\/policies\/\" rel=\"noreferrer noopener\" target=\"_blank\">Datenschutz-Center von Google<\/a>.\n Diese Website wurde um die Funktion&nbsp;&#8222;anonymizeIp&#8220;&nbsp;erweitert um eine \nanonymisierte Erfassung von IP-Adressen (sog. IP-Masking) zu\ngew\u00e4hrleisten.<\/p>\n\n\n\n<p><strong>Datenverarbeitung:<\/strong>\u00a0<br>In den unvermeidlichen Serverstatistiken (Server-Logfiles) werden  automatisch solche Daten gespeichert, die Ihr Browser automatisch  \u00fcbermittelt. Dies sind: Browsertyp\/-version, verwendetes Betriebssystem, Referrer URL (die zuvor besuchte Seite), Hostname des  zugreifenden Rechners (IP Adresse), Uhrzeit der Serveranfrage. Es ist  uns nicht m\u00f6glich diese Daten bestimmten Personen zuzuordnen. Auch eine Zusammenf\u00fchrung dieser Daten mit anderen  Datenquellen wird von uns nicht vorgenommen.<\/p>\n\n\n\n<p> <br><strong>Cookies:\u00a0<\/strong><br>Da WordPress Cookies verwendet, entstehen auch hier an mehreren Stellen so  genannte Cookies. Wenn Sie dies nicht m\u00f6chten, k\u00f6nnen Sie in Ihrem  Browser die Annahme von Cookies verweigern, dann k\u00f6nnte es jedoch dazu kommen, dass nicht mehr alle Funktionen dieser Webseite zur  Verf\u00fcgung stehen.<br> \u00a0<\/p>\n\n\n\n<p><strong>E-Mails:\u00a0<\/strong><br>Soweit auf unseren Seiten personenbezogene  Daten (beispielsweise Name, Anschrift oder E-Mail-Adressen) erhoben  werden, erfolgt dies soweit m\u00f6glich stets auf freiwilliger Basis. Selbstverst\u00e4ndlich erfassen und speichern wir solche  Informationen, die Sie \u00fcber diese Seite eingeben, oder uns in sonstiger  Weise \u00fcbermitteln. Das betrifft etwa Nachrichten, Namen, E-Mail-Adressen und URLs, die Sie in das Kontaktformular eintragen.  Diese Angaben geschehen freiwillig und werden von uns nur f\u00fcr den von  Ihnen angegebenen Zweck verwendet.<\/p>\n\n\n\n<p><strong>Auskunftsrecht:\u00a0<\/strong><br>Wenn Sie weitere Fragen zur Behandlung Ihrer Daten auf dieser Seite  haben, k\u00f6nnen Sie diese gerne per Mail an uns stellen \u2013 am einfachsten  \u00fcber das Kontaktformular.\u00a0 \u00a0 \u00a0 \u00a0 \u00a0 \u00a0 \u00a0 \u00a0 \u00a0\u00a0\u00a0<\/p>\n\n\n\n<p>Die Nutzung der Angebote und Dienste ist  weitestgehend ohne Angabe personenbezogener Daten m\u00f6glich. Der Nutzung  von im Rahmen der Impressumspflicht ver\u00f6ffentlichten Kontaktdaten durch Dritte zur \u00dcbersendung von nicht ausdr\u00fccklich  angeforderter Werbung und Informationsmaterialien wird hiermit  ausdr\u00fccklich widersprochen. Die Betreiber der Seiten behalten sich ausdr\u00fccklich rechtliche Schritte im Falle der unverlangten Zusendung von  Werbeinformationen, etwa durch Spam-Mails, vor.<\/p>\n","protected":false},"excerpt":{"rendered":"<p>Datenschutzerkl\u00e4rung Datenschutz Wir nehmen den Schutz Ihrer pers\u00f6nlichen Daten sehr ernst und halten uns an die Regeln der Datenschutzgesetze. Die nachfolgende Erkl\u00e4rung gibt Ihnen einen \u00dcberblick dar\u00fcber, welche Art von Daten zu welchem Zweck erhoben werden und in welchem Umfang diese Daten Dritten zug\u00e4nglich gemacht werden. Wir verarbeiten Ihre Daten [&hellip;]<\/p>\n","protected":false},"author":1,"featured_media":0,"parent":0,"menu_order":0,"comment_status":"closed","ping_status":"closed","template":"","meta":{"footnotes":""},"class_list":["post-223","page","type-page","status-publish","hentry"],"_links":{"self":[{"href":"https:\/\/blog.dwv-dusslingen.de\/index.php?rest_route=\/wp\/v2\/pages\/223","targetHints":{"allow":["GET"]}}],"collection":[{"href":"https:\/\/blog.dwv-dusslingen.de\/index.php?rest_route=\/wp\/v2\/pages"}],"about":[{"href":"https:\/\/blog.dwv-dusslingen.de\/index.php?rest_route=\/wp\/v2\/types\/page"}],"author":[{"embeddable":true,"href":"https:\/\/blog.dwv-dusslingen.de\/index.php?rest_route=\/wp\/v2\/users\/1"}],"replies":[{"embeddable":true,"href":"https:\/\/blog.dwv-dusslingen.de\/index.php?rest_route=%2Fwp%2Fv2%2Fcomments&post=223"}],"version-history":[{"count":1,"href":"https:\/\/blog.dwv-dusslingen.de\/index.php?rest_route=\/wp\/v2\/pages\/223\/revisions"}],"predecessor-version":[{"id":224,"href":"https:\/\/blog.dwv-dusslingen.de\/index.php?rest_route=\/wp\/v2\/pages\/223\/revisions\/224"}],"wp:attachment":[{"href":"https:\/\/blog.dwv-dusslingen.de\/index.php?rest_route=%2Fwp%2Fv2%2Fmedia&parent=223"}],"curies":[{"name":"wp","href":"https:\/\/api.w.org\/{rel}","templated":true}]}}